{"id":15,"date":"2015-05-21T08:34:51","date_gmt":"2015-05-21T07:34:51","guid":{"rendered":"http:\/\/www.mecaloire.fr\/?page_id=15"},"modified":"2022-01-20T11:40:27","modified_gmt":"2022-01-20T10:40:27","slug":"lassociation","status":"publish","type":"page","link":"https:\/\/old.mecaloire.fr\/?page_id=15","title":{"rendered":"MECALOIRE, grappe d&#8217;entreprises de la fili\u00e8re m\u00e9canique robotique et ing\u00e9nierie"},"content":{"rendered":"<p><img loading=\"lazy\" class=\"aligncenter wp-image-1008 \" src=\"http:\/\/www.mecaloire.fr\/wp-content\/uploads\/2015\/05\/engrenages-fond-complet.jpg\" alt=\"Mecaloire 5 axes\" width=\"541\" height=\"405\" srcset=\"https:\/\/old.mecaloire.fr\/wp-content\/uploads\/2015\/05\/engrenages-fond-complet.jpg 720w, https:\/\/old.mecaloire.fr\/wp-content\/uploads\/2015\/05\/engrenages-fond-complet-300x225.jpg 300w, https:\/\/old.mecaloire.fr\/wp-content\/uploads\/2015\/05\/engrenages-fond-complet-230x172.jpg 230w, https:\/\/old.mecaloire.fr\/wp-content\/uploads\/2015\/05\/engrenages-fond-complet-500x374.jpg 500w\" sizes=\"(max-width: 541px) 100vw, 541px\" \/><\/p>\n<div id=\"bloc_1\" style=\"text-align: center;\">\n<p><a href=\"http:\/\/www.mecaloire.fr\/wp-content\/uploads\/2015\/05\/salaries.png\"><img loading=\"lazy\" class=\"alignnone wp-image-380 size-full\" src=\"http:\/\/www.mecaloire.fr\/wp-content\/uploads\/2015\/05\/salaries.png\" alt=\"+ de 150 adh\u00e9rents et partenaires industriels\" width=\"81\" height=\"81\" \/><\/a><\/p>\n<div style=\"color: #fb9a41; font-size: 15px; font-weight: bold;\">Une centaine d&#8217;adh\u00e9rents et partenaires industriels<\/div>\n<\/div>\n<div id=\"bloc_2\" style=\"text-align: center;\">\n<p><a href=\"http:\/\/www.mecaloire.fr\/wp-content\/uploads\/2015\/05\/euros.png\"><img loading=\"lazy\" class=\"alignnone size-full wp-image-382\" src=\"http:\/\/www.mecaloire.fr\/wp-content\/uploads\/2015\/05\/euros.png\" alt=\"Mecaloire - euros\" width=\"81\" height=\"81\" \/><\/a><\/p>\n<div style=\"color: #fb9a41; font-size: 15px; font-weight: bold;\">repr\u00e9sentant + de 3500 salari\u00e9s &amp; + de 550 M\u20ac de C.A.<\/div>\n<\/div>\n<div id=\"bloc_3\" style=\"text-align: center;\">\n<p><a href=\"http:\/\/www.mecaloire.fr\/wp-content\/uploads\/2015\/05\/meca.png\"><img loading=\"lazy\" class=\"alignnone size-full wp-image-383\" src=\"http:\/\/www.mecaloire.fr\/wp-content\/uploads\/2015\/05\/meca.png\" alt=\"Mecaloire\" width=\"81\" height=\"81\" \/><\/a><\/p>\n<div style=\"color: #fb9a41; font-size: 15px; font-weight: bold;\">Gouvernance : 1 permanent, 7 membres du bureau + 13 membres du CA<\/div>\n<\/div>\n<h2><\/h2>\n<p>&nbsp;<\/p>\n<h2>Mission : favoriser la coop\u00e9ration, le d\u00e9veloppement \u00e9conomique et l&#8217;innovation<\/h2>\n<p style=\"text-align: justify;\">N\u00e9e en 1995, MECALOIRE est une association loi 1901 regroupant des entreprises dans la m\u00e9canique, robotique et ing\u00e9nierie en Loire \/ Haute-Loire.<\/p>\n<p style=\"text-align: justify;\">A travers son r\u00f4le de facilitateur d&#8217;\u00e9changes, MECALOIRE favorise la coop\u00e9ration, le d\u00e9veloppement \u00e9conomique et l&#8217;innovation au b\u00e9n\u00e9fice des entreprises adh\u00e9rentes.<br \/>\nMECALOIRE participe au d\u00e9veloppement du territoire et \u00e0 travers l&#8217;action de relocalisation &#8220;Production France !&#8221;<\/p>\n<p>&nbsp;<\/p>\n<h2>Une strat\u00e9gie formalis\u00e9e autour de 4 axes :<\/h2>\n<p><strong><a href=\"http:\/\/www.mecaloire.fr\/wp-content\/uploads\/2015\/05\/picto-\u00c7changer.png\"><img loading=\"lazy\" class=\"alignnone wp-image-368\" src=\"http:\/\/www.mecaloire.fr\/wp-content\/uploads\/2015\/05\/picto-\u00c7changer-150x150.png\" alt=\"Mecaloire - \u00e9changer\" width=\"80\" height=\"80\" srcset=\"https:\/\/old.mecaloire.fr\/wp-content\/uploads\/2015\/05\/picto-\u00c7changer-150x150.png 150w, https:\/\/old.mecaloire.fr\/wp-content\/uploads\/2015\/05\/picto-\u00c7changer-300x300.png 300w, https:\/\/old.mecaloire.fr\/wp-content\/uploads\/2015\/05\/picto-\u00c7changer-500x500.png 500w, https:\/\/old.mecaloire.fr\/wp-content\/uploads\/2015\/05\/picto-\u00c7changer-120x120.png 120w, https:\/\/old.mecaloire.fr\/wp-content\/uploads\/2015\/05\/picto-\u00c7changer.png 518w\" sizes=\"(max-width: 80px) 100vw, 80px\" \/><\/a><span style=\"color: #d13832;\"><a style=\"color: #d13832;\" href=\"http:\/\/www.mecaloire.fr\/?page_id=29\">ECHANGER<\/a><\/span><\/strong><span style=\"color: #d13832;\"> :<\/span> faciliter les \u00e9changes pour permettre \u00e0 chacun de d\u00e9velopper son capital confiance.<br \/>\n<a href=\"http:\/\/www.mecaloire.fr\/wp-content\/uploads\/2015\/05\/picto-motiver.png\"><img loading=\"lazy\" class=\"alignnone wp-image-371\" src=\"http:\/\/www.mecaloire.fr\/wp-content\/uploads\/2015\/05\/picto-motiver-150x150.png\" alt=\"Motiver - Mecaloire\" width=\"80\" height=\"80\" srcset=\"https:\/\/old.mecaloire.fr\/wp-content\/uploads\/2015\/05\/picto-motiver-150x150.png 150w, https:\/\/old.mecaloire.fr\/wp-content\/uploads\/2015\/05\/picto-motiver-300x300.png 300w, https:\/\/old.mecaloire.fr\/wp-content\/uploads\/2015\/05\/picto-motiver-500x500.png 500w, https:\/\/old.mecaloire.fr\/wp-content\/uploads\/2015\/05\/picto-motiver-120x120.png 120w, https:\/\/old.mecaloire.fr\/wp-content\/uploads\/2015\/05\/picto-motiver.png 515w\" sizes=\"(max-width: 80px) 100vw, 80px\" \/><\/a><span style=\"color: #f27e3b;\"><strong><a style=\"color: #f27e3b;\" href=\"http:\/\/www.mecaloire.fr\/actions\/motiver\/\">MOTIVER<\/a> : <\/strong><\/span>impliquer les industriels pour donner envie aux g\u00e9n\u00e9rations futures de rejoindre la fili\u00e8re.<br \/>\n<a href=\"http:\/\/www.mecaloire.fr\/wp-content\/uploads\/2015\/05\/picto-sallier.png\"><img loading=\"lazy\" class=\"alignnone wp-image-372\" src=\"http:\/\/www.mecaloire.fr\/wp-content\/uploads\/2015\/05\/picto-sallier-150x150.png\" alt=\"S'allier - Mecaloire\" width=\"80\" height=\"80\" srcset=\"https:\/\/old.mecaloire.fr\/wp-content\/uploads\/2015\/05\/picto-sallier-150x150.png 150w, https:\/\/old.mecaloire.fr\/wp-content\/uploads\/2015\/05\/picto-sallier-300x300.png 300w, https:\/\/old.mecaloire.fr\/wp-content\/uploads\/2015\/05\/picto-sallier-500x500.png 500w, https:\/\/old.mecaloire.fr\/wp-content\/uploads\/2015\/05\/picto-sallier-120x120.png 120w, https:\/\/old.mecaloire.fr\/wp-content\/uploads\/2015\/05\/picto-sallier.png 530w\" sizes=\"(max-width: 80px) 100vw, 80px\" \/><\/a><span style=\"color: #55b74e;\"><strong><a style=\"color: #55b74e;\" href=\"http:\/\/www.mecaloire.fr\/actions\/sallier\/\">S\u2019ALLIER<\/a><\/strong> :<\/span> favoriser les alliances entre adh\u00e9rents et rencontrer les donneurs d&#8217;ordres pour g\u00e9n\u00e9rer du nouveau business.<br \/>\n<a href=\"http:\/\/www.mecaloire.fr\/wp-content\/uploads\/2015\/05\/picto-innover.png\"><img loading=\"lazy\" class=\"alignnone wp-image-370\" src=\"http:\/\/www.mecaloire.fr\/wp-content\/uploads\/2015\/05\/picto-innover-150x150.png\" alt=\"Innover - Mecaloire\" width=\"80\" height=\"80\" srcset=\"https:\/\/old.mecaloire.fr\/wp-content\/uploads\/2015\/05\/picto-innover-150x150.png 150w, https:\/\/old.mecaloire.fr\/wp-content\/uploads\/2015\/05\/picto-innover-300x300.png 300w, https:\/\/old.mecaloire.fr\/wp-content\/uploads\/2015\/05\/picto-innover-500x500.png 500w, https:\/\/old.mecaloire.fr\/wp-content\/uploads\/2015\/05\/picto-innover-120x120.png 120w, https:\/\/old.mecaloire.fr\/wp-content\/uploads\/2015\/05\/picto-innover.png 523w\" sizes=\"(max-width: 80px) 100vw, 80px\" \/><\/a><span style=\"color: #ffcc00;\"><span style=\"color: #efc93a;\"><a style=\"color: #efc93a;\" href=\"http:\/\/www.mecaloire.fr\/actions\/innover\/\"><strong>INNOVER<\/strong><\/a> :<\/span> <\/span>mener des actions orient\u00e9es innovation : ateliers techniques, acc\u00e8s aux dispositifs d&#8217;aides.<\/p>\n","protected":false},"excerpt":{"rendered":"<p>Une centaine d&#8217;adh\u00e9rents et partenaires industriels repr\u00e9sentant + de 3500 salari\u00e9s &amp; + de 550 M\u20ac de C.A. Gouvernance : 1 permanent, 7 membres du bureau + 13 membres du CA &nbsp; Mission : favoriser la coop\u00e9ration, le d\u00e9veloppement \u00e9conomique et l&#8217;innovation N\u00e9e en 1995, MECALOIRE est une association loi 1901 regroupant des entreprises dans&#8230;<i class=\"read-more><\/i>Lire la suite<\/p>\n","protected":false},"author":1,"featured_media":0,"parent":0,"menu_order":0,"comment_status":"open","ping_status":"open","template":"","meta":[],"yoast_head":"<!-- This site is optimized with the Yoast SEO plugin v18.8 - https:\/\/yoast.com\/wordpress\/plugins\/seo\/ -->\n<title>MECALOIRE, grappe s&#039;entreprises de la fili\u00e8re m\u00e9canique et m\u00e9tallurgique<\/title>\n<meta name=\"description\" content=\"Mission : favoriser la coop\u00e9ration, le d\u00e9veloppement \u00e9conomique et l&#039;innovation N\u00e9e en 1995\" \/>\n<meta name=\"robots\" content=\"index, follow, max-snippet:-1, max-image-preview:large, max-video-preview:-1\" \/>\n<link rel=\"canonical\" href=\"https:\/\/old.mecaloire.fr\/?page_id=15\" \/>\n<meta property=\"og:locale\" content=\"fr_FR\" \/>\n<meta property=\"og:type\" content=\"article\" \/>\n<meta property=\"og:title\" content=\"MECALOIRE, grappe s&#039;entreprises de la fili\u00e8re m\u00e9canique et m\u00e9tallurgique\" \/>\n<meta property=\"og:description\" content=\"Mission : favoriser la coop\u00e9ration, le d\u00e9veloppement \u00e9conomique et l&#039;innovation N\u00e9e en 1995\" \/>\n<meta property=\"og:url\" content=\"https:\/\/old.mecaloire.fr\/?page_id=15\" \/>\n<meta property=\"og:site_name\" content=\"M\u00e9caloire\" \/>\n<meta property=\"article:modified_time\" content=\"2022-01-20T10:40:27+00:00\" \/>\n<meta property=\"og:image\" content=\"http:\/\/www.mecaloire.fr\/wp-content\/uploads\/2015\/05\/engrenages-fond-complet.jpg\" \/>\n<meta name=\"twitter:card\" content=\"summary\" \/>\n<meta name=\"twitter:label1\" content=\"Dur\u00e9e de lecture estim\u00e9e\" \/>\n\t<meta name=\"twitter:data1\" content=\"1 minute\" \/>\n<script type=\"application\/ld+json\" class=\"yoast-schema-graph\">{\"@context\":\"https:\/\/schema.org\",\"@graph\":[{\"@type\":\"WebSite\",\"@id\":\"https:\/\/old.mecaloire.fr\/#website\",\"url\":\"https:\/\/old.mecaloire.fr\/\",\"name\":\"M\u00e9caloire\",\"description\":\"\",\"potentialAction\":[{\"@type\":\"SearchAction\",\"target\":{\"@type\":\"EntryPoint\",\"urlTemplate\":\"https:\/\/old.mecaloire.fr\/?s={search_term_string}\"},\"query-input\":\"required name=search_term_string\"}],\"inLanguage\":\"fr-FR\"},{\"@type\":\"ImageObject\",\"inLanguage\":\"fr-FR\",\"@id\":\"https:\/\/old.mecaloire.fr\/?page_id=15#primaryimage\",\"url\":\"http:\/\/www.mecaloire.fr\/wp-content\/uploads\/2015\/05\/engrenages-fond-complet.jpg\",\"contentUrl\":\"http:\/\/www.mecaloire.fr\/wp-content\/uploads\/2015\/05\/engrenages-fond-complet.jpg\"},{\"@type\":\"WebPage\",\"@id\":\"https:\/\/old.mecaloire.fr\/?page_id=15#webpage\",\"url\":\"https:\/\/old.mecaloire.fr\/?page_id=15\",\"name\":\"MECALOIRE, grappe s'entreprises de la fili\u00e8re m\u00e9canique et m\u00e9tallurgique\",\"isPartOf\":{\"@id\":\"https:\/\/old.mecaloire.fr\/#website\"},\"primaryImageOfPage\":{\"@id\":\"https:\/\/old.mecaloire.fr\/?page_id=15#primaryimage\"},\"datePublished\":\"2015-05-21T07:34:51+00:00\",\"dateModified\":\"2022-01-20T10:40:27+00:00\",\"description\":\"Mission : favoriser la coop\u00e9ration, le d\u00e9veloppement \u00e9conomique et l'innovation N\u00e9e en 1995\",\"breadcrumb\":{\"@id\":\"https:\/\/old.mecaloire.fr\/?page_id=15#breadcrumb\"},\"inLanguage\":\"fr-FR\",\"potentialAction\":[{\"@type\":\"ReadAction\",\"target\":[\"https:\/\/old.mecaloire.fr\/?page_id=15\"]}]},{\"@type\":\"BreadcrumbList\",\"@id\":\"https:\/\/old.mecaloire.fr\/?page_id=15#breadcrumb\",\"itemListElement\":[{\"@type\":\"ListItem\",\"position\":1,\"name\":\"Accueil\",\"item\":\"https:\/\/old.mecaloire.fr\/\"},{\"@type\":\"ListItem\",\"position\":2,\"name\":\"MECALOIRE, grappe d&#8217;entreprises de la fili\u00e8re m\u00e9canique robotique et ing\u00e9nierie\"}]}]}<\/script>\n<!-- \/ Yoast SEO plugin. -->","yoast_head_json":{"title":"MECALOIRE, grappe s'entreprises de la fili\u00e8re m\u00e9canique et m\u00e9tallurgique","description":"Mission : favoriser la coop\u00e9ration, le d\u00e9veloppement \u00e9conomique et l'innovation N\u00e9e en 1995","robots":{"index":"index","follow":"follow","max-snippet":"max-snippet:-1","max-image-preview":"max-image-preview:large","max-video-preview":"max-video-preview:-1"},"canonical":"https:\/\/old.mecaloire.fr\/?page_id=15","og_locale":"fr_FR","og_type":"article","og_title":"MECALOIRE, grappe s'entreprises de la fili\u00e8re m\u00e9canique et m\u00e9tallurgique","og_description":"Mission : favoriser la coop\u00e9ration, le d\u00e9veloppement \u00e9conomique et l'innovation N\u00e9e en 1995","og_url":"https:\/\/old.mecaloire.fr\/?page_id=15","og_site_name":"M\u00e9caloire","article_modified_time":"2022-01-20T10:40:27+00:00","og_image":[{"url":"http:\/\/www.mecaloire.fr\/wp-content\/uploads\/2015\/05\/engrenages-fond-complet.jpg"}],"twitter_card":"summary","twitter_misc":{"Dur\u00e9e de lecture estim\u00e9e":"1 minute"},"schema":{"@context":"https:\/\/schema.org","@graph":[{"@type":"WebSite","@id":"https:\/\/old.mecaloire.fr\/#website","url":"https:\/\/old.mecaloire.fr\/","name":"M\u00e9caloire","description":"","potentialAction":[{"@type":"SearchAction","target":{"@type":"EntryPoint","urlTemplate":"https:\/\/old.mecaloire.fr\/?s={search_term_string}"},"query-input":"required name=search_term_string"}],"inLanguage":"fr-FR"},{"@type":"ImageObject","inLanguage":"fr-FR","@id":"https:\/\/old.mecaloire.fr\/?page_id=15#primaryimage","url":"http:\/\/www.mecaloire.fr\/wp-content\/uploads\/2015\/05\/engrenages-fond-complet.jpg","contentUrl":"http:\/\/www.mecaloire.fr\/wp-content\/uploads\/2015\/05\/engrenages-fond-complet.jpg"},{"@type":"WebPage","@id":"https:\/\/old.mecaloire.fr\/?page_id=15#webpage","url":"https:\/\/old.mecaloire.fr\/?page_id=15","name":"MECALOIRE, grappe s'entreprises de la fili\u00e8re m\u00e9canique et m\u00e9tallurgique","isPartOf":{"@id":"https:\/\/old.mecaloire.fr\/#website"},"primaryImageOfPage":{"@id":"https:\/\/old.mecaloire.fr\/?page_id=15#primaryimage"},"datePublished":"2015-05-21T07:34:51+00:00","dateModified":"2022-01-20T10:40:27+00:00","description":"Mission : favoriser la coop\u00e9ration, le d\u00e9veloppement \u00e9conomique et l'innovation N\u00e9e en 1995","breadcrumb":{"@id":"https:\/\/old.mecaloire.fr\/?page_id=15#breadcrumb"},"inLanguage":"fr-FR","potentialAction":[{"@type":"ReadAction","target":["https:\/\/old.mecaloire.fr\/?page_id=15"]}]},{"@type":"BreadcrumbList","@id":"https:\/\/old.mecaloire.fr\/?page_id=15#breadcrumb","itemListElement":[{"@type":"ListItem","position":1,"name":"Accueil","item":"https:\/\/old.mecaloire.fr\/"},{"@type":"ListItem","position":2,"name":"MECALOIRE, grappe d&#8217;entreprises de la fili\u00e8re m\u00e9canique robotique et ing\u00e9nierie"}]}]}},"_links":{"self":[{"href":"https:\/\/old.mecaloire.fr\/index.php?rest_route=\/wp\/v2\/pages\/15"}],"collection":[{"href":"https:\/\/old.mecaloire.fr\/index.php?rest_route=\/wp\/v2\/pages"}],"about":[{"href":"https:\/\/old.mecaloire.fr\/index.php?rest_route=\/wp\/v2\/types\/page"}],"author":[{"embeddable":true,"href":"https:\/\/old.mecaloire.fr\/index.php?rest_route=\/wp\/v2\/users\/1"}],"replies":[{"embeddable":true,"href":"https:\/\/old.mecaloire.fr\/index.php?rest_route=%2Fwp%2Fv2%2Fcomments&post=15"}],"version-history":[{"count":43,"href":"https:\/\/old.mecaloire.fr\/index.php?rest_route=\/wp\/v2\/pages\/15\/revisions"}],"predecessor-version":[{"id":12582,"href":"https:\/\/old.mecaloire.fr\/index.php?rest_route=\/wp\/v2\/pages\/15\/revisions\/12582"}],"wp:attachment":[{"href":"https:\/\/old.mecaloire.fr\/index.php?rest_route=%2Fwp%2Fv2%2Fmedia&parent=15"}],"curies":[{"name":"wp","href":"https:\/\/api.w.org\/{rel}","templated":true}]}}