{"id":2053,"date":"2015-12-09T16:33:50","date_gmt":"2015-12-09T15:33:50","guid":{"rendered":"http:\/\/www.mecaloire.fr\/?page_id=2053"},"modified":"2017-04-03T13:59:11","modified_gmt":"2017-04-03T12:59:11","slug":"vous-avez-un-projet-innovant","status":"publish","type":"page","link":"https:\/\/old.mecaloire.fr\/?page_id=2053","title":{"rendered":"Vous avez un projet innovant ?"},"content":{"rendered":"<h2>La Manufacture des Technologies des Futurs, porte d&#8217;entr\u00e9e pour vos projets d&#8217;innovation<\/h2>\n<p style=\"text-align: justify;\"><strong>Vous avez un projet d&#8217;innovation ? <\/strong><\/p>\n<p style=\"text-align: justify;\">Ce projet est rattachable \u00e0 l&#8217;un des domaines suivants : ing\u00e9nierie et ma\u00eetrise des proc\u00e9d\u00e9s de fabrication, fonctionnalisation des mat\u00e9riaux et des surfaces, mod\u00e9lisation et optimisation des proc\u00e9d\u00e9s de fabrication. C&#8217;est donc assez ouvert, mais le projet doit int\u00e9grer l\u2019ensemble des trois dimensions scientifique \/ technologique \/ march\u00e9 pour \u00eatre \u00e9ligible aux financements D2IN.<\/p>\n<p style=\"text-align: justify;\">Les projets d&#8217;innovation peuvent \u00eatre accompagn\u00e9s et financ\u00e9s : D2IN, \u00e0 travers MTF, devient un \u00ab\u00a0GUICHET UNIQUE\u00a0\u00bb, son acc\u00e8s se fait par le partenaire de votre choix. Les membres de la communaut\u00e9 sont en capacit\u00e9 \u00e0 vous aider dans le montage du dossier.<\/p>\n<p style=\"text-align: justify;\">T\u00e9l\u00e9charger le dossier : <a href=\"http:\/\/www.mecaloire.fr\/wp-content\/uploads\/2015\/12\/DOSSIER-TYPE-D2IN.doc\" rel=\"\">DOSSIER TYPE D2IN<\/a><\/p>\n<hr \/>\n<h3 style=\"text-align: justify;\"><a href=\"http:\/\/www.mecaloire.fr\/wp-content\/uploads\/2015\/12\/appel-a-idees-manutech.jpg\"><img loading=\"lazy\" class=\"aligncenter size-full wp-image-3287\" src=\"http:\/\/www.mecaloire.fr\/wp-content\/uploads\/2015\/12\/appel-a-idees-manutech.jpg\" alt=\"\" width=\"593\" height=\"113\" srcset=\"https:\/\/old.mecaloire.fr\/wp-content\/uploads\/2015\/12\/appel-a-idees-manutech.jpg 593w, https:\/\/old.mecaloire.fr\/wp-content\/uploads\/2015\/12\/appel-a-idees-manutech-300x57.jpg 300w, https:\/\/old.mecaloire.fr\/wp-content\/uploads\/2015\/12\/appel-a-idees-manutech-230x44.jpg 230w, https:\/\/old.mecaloire.fr\/wp-content\/uploads\/2015\/12\/appel-a-idees-manutech-500x95.jpg 500w\" sizes=\"(max-width: 593px) 100vw, 593px\" \/><\/a><\/h3>\n<h3 style=\"text-align: justify;\">Appel \u00e0 id\u00e9es #Manutech<\/h3>\n<p style=\"text-align: justify;\">Il s&#8217;agit du programme de soutien aux projets innovants #Manutech. Ce programme #Manutech s\u2019inscrit dans le cadre de la labellisation French Tech de Saint-Etienne M\u00e9tropole via son int\u00e9gration dans le r\u00e9seau th\u00e9matique #OIT #Manufacturing.<br \/>\nIl permet aux projets innovants \u00e0 dominante industrielle, quels qu\u2019ils soient (ant\u00e9-cr\u00e9ation, startup, PME ou ETI), d\u2019acc\u00e9der aux \u00e9quipements et expertises de Manutech dans le domaine des lasers femtosecondes, utilis\u00e9s par les g\u00e9ants de l\u2019industrie pour franchir des palliers technologiques spectaculaires.<\/p>\n<p style=\"text-align: justify;\">+ d&#8217;infos : <a href=\"http:\/\/www.manutech-usd.fr\/contactez-nous\/\">contactez directement Manutech<\/a> (contact : Renaud) ou Mecaloire<\/p>\n<p><em>T\u00e9l\u00e9chargez les infos : <a href=\"http:\/\/www.mecaloire.fr\/wp-content\/uploads\/2015\/12\/Appel-a\u0300-Ide\u0301es-Manutech.pdf\">Appel a\u0300 Idees #Manutech<\/a><\/em><\/p>\n","protected":false},"excerpt":{"rendered":"<p>La Manufacture des Technologies des Futurs, porte d&#8217;entr\u00e9e pour vos projets d&#8217;innovation Vous avez un projet d&#8217;innovation ? Ce projet est rattachable \u00e0 l&#8217;un des domaines suivants : ing\u00e9nierie et ma\u00eetrise des proc\u00e9d\u00e9s de fabrication, fonctionnalisation des mat\u00e9riaux et des surfaces, mod\u00e9lisation et optimisation des proc\u00e9d\u00e9s de fabrication. C&#8217;est donc assez ouvert, mais le projet&#8230;<i class=\"read-more><\/i>Lire la suite<\/p>\n","protected":false},"author":1,"featured_media":0,"parent":2050,"menu_order":0,"comment_status":"closed","ping_status":"closed","template":"","meta":[],"yoast_head":"<!-- This site is optimized with the Yoast SEO plugin v18.8 - https:\/\/yoast.com\/wordpress\/plugins\/seo\/ -->\n<title>Vous avez un projet innovant ? - M\u00e9caloire<\/title>\n<meta name=\"robots\" content=\"index, follow, max-snippet:-1, max-image-preview:large, max-video-preview:-1\" \/>\n<link rel=\"canonical\" href=\"https:\/\/old.mecaloire.fr\/?page_id=2053\" \/>\n<meta property=\"og:locale\" content=\"fr_FR\" \/>\n<meta property=\"og:type\" content=\"article\" \/>\n<meta property=\"og:title\" content=\"Vous avez un projet innovant ? - M\u00e9caloire\" \/>\n<meta property=\"og:description\" content=\"La Manufacture des Technologies des Futurs, porte d&#8217;entr\u00e9e pour vos projets d&#8217;innovation Vous avez un projet d&#8217;innovation ? Ce projet est rattachable \u00e0 l&#8217;un des domaines suivants : ing\u00e9nierie et ma\u00eetrise des proc\u00e9d\u00e9s de fabrication, fonctionnalisation des mat\u00e9riaux et des surfaces, mod\u00e9lisation et optimisation des proc\u00e9d\u00e9s de fabrication. C&#8217;est donc assez ouvert, mais le projet...\" \/>\n<meta property=\"og:url\" content=\"https:\/\/old.mecaloire.fr\/?page_id=2053\" \/>\n<meta property=\"og:site_name\" content=\"M\u00e9caloire\" \/>\n<meta property=\"article:modified_time\" content=\"2017-04-03T12:59:11+00:00\" \/>\n<meta property=\"og:image\" content=\"http:\/\/www.mecaloire.fr\/wp-content\/uploads\/2015\/12\/appel-a-idees-manutech.jpg\" \/>\n<meta name=\"twitter:card\" content=\"summary\" \/>\n<meta name=\"twitter:label1\" content=\"Dur\u00e9e de lecture estim\u00e9e\" \/>\n\t<meta name=\"twitter:data1\" content=\"1 minute\" \/>\n<script type=\"application\/ld+json\" class=\"yoast-schema-graph\">{\"@context\":\"https:\/\/schema.org\",\"@graph\":[{\"@type\":\"WebSite\",\"@id\":\"https:\/\/old.mecaloire.fr\/#website\",\"url\":\"https:\/\/old.mecaloire.fr\/\",\"name\":\"M\u00e9caloire\",\"description\":\"\",\"potentialAction\":[{\"@type\":\"SearchAction\",\"target\":{\"@type\":\"EntryPoint\",\"urlTemplate\":\"https:\/\/old.mecaloire.fr\/?s={search_term_string}\"},\"query-input\":\"required name=search_term_string\"}],\"inLanguage\":\"fr-FR\"},{\"@type\":\"ImageObject\",\"inLanguage\":\"fr-FR\",\"@id\":\"https:\/\/old.mecaloire.fr\/?page_id=2053#primaryimage\",\"url\":\"http:\/\/www.mecaloire.fr\/wp-content\/uploads\/2015\/12\/appel-a-idees-manutech.jpg\",\"contentUrl\":\"http:\/\/www.mecaloire.fr\/wp-content\/uploads\/2015\/12\/appel-a-idees-manutech.jpg\"},{\"@type\":\"WebPage\",\"@id\":\"https:\/\/old.mecaloire.fr\/?page_id=2053#webpage\",\"url\":\"https:\/\/old.mecaloire.fr\/?page_id=2053\",\"name\":\"Vous avez un projet innovant ? - M\u00e9caloire\",\"isPartOf\":{\"@id\":\"https:\/\/old.mecaloire.fr\/#website\"},\"primaryImageOfPage\":{\"@id\":\"https:\/\/old.mecaloire.fr\/?page_id=2053#primaryimage\"},\"datePublished\":\"2015-12-09T15:33:50+00:00\",\"dateModified\":\"2017-04-03T12:59:11+00:00\",\"breadcrumb\":{\"@id\":\"https:\/\/old.mecaloire.fr\/?page_id=2053#breadcrumb\"},\"inLanguage\":\"fr-FR\",\"potentialAction\":[{\"@type\":\"ReadAction\",\"target\":[\"https:\/\/old.mecaloire.fr\/?page_id=2053\"]}]},{\"@type\":\"BreadcrumbList\",\"@id\":\"https:\/\/old.mecaloire.fr\/?page_id=2053#breadcrumb\",\"itemListElement\":[{\"@type\":\"ListItem\",\"position\":1,\"name\":\"Accueil\",\"item\":\"https:\/\/old.mecaloire.fr\/\"},{\"@type\":\"ListItem\",\"position\":2,\"name\":\"La Manufacture des Technologies du Futur\",\"item\":\"https:\/\/old.mecaloire.fr\/?page_id=2050\"},{\"@type\":\"ListItem\",\"position\":3,\"name\":\"Vous avez un projet innovant ?\"}]}]}<\/script>\n<!-- \/ Yoast SEO plugin. -->","yoast_head_json":{"title":"Vous avez un projet innovant ? - M\u00e9caloire","robots":{"index":"index","follow":"follow","max-snippet":"max-snippet:-1","max-image-preview":"max-image-preview:large","max-video-preview":"max-video-preview:-1"},"canonical":"https:\/\/old.mecaloire.fr\/?page_id=2053","og_locale":"fr_FR","og_type":"article","og_title":"Vous avez un projet innovant ? - M\u00e9caloire","og_description":"La Manufacture des Technologies des Futurs, porte d&#8217;entr\u00e9e pour vos projets d&#8217;innovation Vous avez un projet d&#8217;innovation ? Ce projet est rattachable \u00e0 l&#8217;un des domaines suivants : ing\u00e9nierie et ma\u00eetrise des proc\u00e9d\u00e9s de fabrication, fonctionnalisation des mat\u00e9riaux et des surfaces, mod\u00e9lisation et optimisation des proc\u00e9d\u00e9s de fabrication. C&#8217;est donc assez ouvert, mais le projet...","og_url":"https:\/\/old.mecaloire.fr\/?page_id=2053","og_site_name":"M\u00e9caloire","article_modified_time":"2017-04-03T12:59:11+00:00","og_image":[{"url":"http:\/\/www.mecaloire.fr\/wp-content\/uploads\/2015\/12\/appel-a-idees-manutech.jpg"}],"twitter_card":"summary","twitter_misc":{"Dur\u00e9e de lecture estim\u00e9e":"1 minute"},"schema":{"@context":"https:\/\/schema.org","@graph":[{"@type":"WebSite","@id":"https:\/\/old.mecaloire.fr\/#website","url":"https:\/\/old.mecaloire.fr\/","name":"M\u00e9caloire","description":"","potentialAction":[{"@type":"SearchAction","target":{"@type":"EntryPoint","urlTemplate":"https:\/\/old.mecaloire.fr\/?s={search_term_string}"},"query-input":"required name=search_term_string"}],"inLanguage":"fr-FR"},{"@type":"ImageObject","inLanguage":"fr-FR","@id":"https:\/\/old.mecaloire.fr\/?page_id=2053#primaryimage","url":"http:\/\/www.mecaloire.fr\/wp-content\/uploads\/2015\/12\/appel-a-idees-manutech.jpg","contentUrl":"http:\/\/www.mecaloire.fr\/wp-content\/uploads\/2015\/12\/appel-a-idees-manutech.jpg"},{"@type":"WebPage","@id":"https:\/\/old.mecaloire.fr\/?page_id=2053#webpage","url":"https:\/\/old.mecaloire.fr\/?page_id=2053","name":"Vous avez un projet innovant ? - M\u00e9caloire","isPartOf":{"@id":"https:\/\/old.mecaloire.fr\/#website"},"primaryImageOfPage":{"@id":"https:\/\/old.mecaloire.fr\/?page_id=2053#primaryimage"},"datePublished":"2015-12-09T15:33:50+00:00","dateModified":"2017-04-03T12:59:11+00:00","breadcrumb":{"@id":"https:\/\/old.mecaloire.fr\/?page_id=2053#breadcrumb"},"inLanguage":"fr-FR","potentialAction":[{"@type":"ReadAction","target":["https:\/\/old.mecaloire.fr\/?page_id=2053"]}]},{"@type":"BreadcrumbList","@id":"https:\/\/old.mecaloire.fr\/?page_id=2053#breadcrumb","itemListElement":[{"@type":"ListItem","position":1,"name":"Accueil","item":"https:\/\/old.mecaloire.fr\/"},{"@type":"ListItem","position":2,"name":"La Manufacture des Technologies du Futur","item":"https:\/\/old.mecaloire.fr\/?page_id=2050"},{"@type":"ListItem","position":3,"name":"Vous avez un projet innovant ?"}]}]}},"_links":{"self":[{"href":"https:\/\/old.mecaloire.fr\/index.php?rest_route=\/wp\/v2\/pages\/2053"}],"collection":[{"href":"https:\/\/old.mecaloire.fr\/index.php?rest_route=\/wp\/v2\/pages"}],"about":[{"href":"https:\/\/old.mecaloire.fr\/index.php?rest_route=\/wp\/v2\/types\/page"}],"author":[{"embeddable":true,"href":"https:\/\/old.mecaloire.fr\/index.php?rest_route=\/wp\/v2\/users\/1"}],"replies":[{"embeddable":true,"href":"https:\/\/old.mecaloire.fr\/index.php?rest_route=%2Fwp%2Fv2%2Fcomments&post=2053"}],"version-history":[{"count":5,"href":"https:\/\/old.mecaloire.fr\/index.php?rest_route=\/wp\/v2\/pages\/2053\/revisions"}],"predecessor-version":[{"id":3288,"href":"https:\/\/old.mecaloire.fr\/index.php?rest_route=\/wp\/v2\/pages\/2053\/revisions\/3288"}],"up":[{"embeddable":true,"href":"https:\/\/old.mecaloire.fr\/index.php?rest_route=\/wp\/v2\/pages\/2050"}],"wp:attachment":[{"href":"https:\/\/old.mecaloire.fr\/index.php?rest_route=%2Fwp%2Fv2%2Fmedia&parent=2053"}],"curies":[{"name":"wp","href":"https:\/\/api.w.org\/{rel}","templated":true}]}}