{"id":33,"date":"2015-05-21T08:45:50","date_gmt":"2015-05-21T07:45:50","guid":{"rendered":"http:\/\/www.mecaloire.fr\/?page_id=33"},"modified":"2015-06-24T14:47:08","modified_gmt":"2015-06-24T13:47:08","slug":"innover","status":"publish","type":"page","link":"https:\/\/old.mecaloire.fr\/?page_id=33","title":{"rendered":"Innover"},"content":{"rendered":"<p style=\"text-align: center;\"><a href=\"http:\/\/www.mecaloire.fr\/wp-content\/uploads\/2015\/05\/picto-innover.png\"><img loading=\"lazy\" class=\" wp-image-370 size-thumbnail aligncenter\" src=\"http:\/\/www.mecaloire.fr\/wp-content\/uploads\/2015\/05\/picto-innover-150x150.png\" alt=\"Innover - Mecaloire\" width=\"150\" height=\"150\" srcset=\"https:\/\/old.mecaloire.fr\/wp-content\/uploads\/2015\/05\/picto-innover-150x150.png 150w, https:\/\/old.mecaloire.fr\/wp-content\/uploads\/2015\/05\/picto-innover-300x300.png 300w, https:\/\/old.mecaloire.fr\/wp-content\/uploads\/2015\/05\/picto-innover-500x500.png 500w, https:\/\/old.mecaloire.fr\/wp-content\/uploads\/2015\/05\/picto-innover-120x120.png 120w, https:\/\/old.mecaloire.fr\/wp-content\/uploads\/2015\/05\/picto-innover.png 523w\" sizes=\"(max-width: 150px) 100vw, 150px\" \/><\/a><br \/>\n<span style=\"color: #efc93a;\"><strong>MECALOIRE, un r\u00e9seau pour permettre d&#8217;innover<\/strong><\/span><\/p>\n<p><strong>L&#8217;enjeu des d&#8217;entreprise : garder une longueur d&#8217;avance<\/strong><br \/>\n<strong>La solution : MECALOIRE<\/strong><\/p>\n<h2 class=\"h_innover\">Avec MECALOIRE, innover c&#8217;est :<\/h2>\n<ul>\n<li>Apprendre une m\u00e9thodologie d&#8217;innovation<\/li>\n<li>D\u00e9couvrir de nouvelles possibilit\u00e9s gr\u00e2ce au r\u00e9seau.<\/li>\n<\/ul>\n<h2 class=\"h_innover\">MECALOIRE facilite l&#8217;innovation, en permettant \u00e0 chaque adh\u00e9rent de rester ouvert sur les technologies du futur :<\/h2>\n<ul>\n<li>Participer aux &#8220;ateliers techniques&#8221; mensuels<\/li>\n<li>Se former gr\u00e2ce au s\u00e9minaire de cr\u00e9ativit\u00e9 Innov&#8217;Meca<\/li>\n<li>Exprimer ses besoins et ses difficult\u00e9s, transmis \u00e0 la commission m\u00e9canique du CETIM<\/li>\n<li>Saisir l&#8217;opportunit\u00e9 de d\u00e9velopper des produits propres.<\/li>\n<\/ul>\n<h2 class=\"h_innover\">Les actions MECALOIRE autour de l&#8217;axe &#8220;Innover&#8221; :<\/h2>\n<h3>Actions en cours :<\/h3>\n<ul>\n<li>Ateliers techniques trimestriels.<\/li>\n<li>Juin : s\u00e9minaire de cr\u00e9ativit\u00e9 Innov&#8217;Meca \u00e0 Roanne<\/li>\n<li>Toutes les actions : Consultez l&#8217;agenda<\/li>\n<\/ul>\n<iframe  style=\"display: block; margin: 0px auto;\"  id=\"_ytid_71475\"  width=\"640\" height=\"390\"  data-origwidth=\"640\" data-origheight=\"390\" src=\"https:\/\/www.youtube.com\/embed\/n6ZMWLt_ED4\">https:\/\/www.youtube.com\/watch?enablejsapi=1&autoplay=0&cc_load_policy=0&cc_lang_pref=&iv_load_policy=1&loop=0&modestbranding=0&rel=1&fs=1&playsinline=0&autohide=1&theme=dark&color=red&controls=1&\" class=\"__youtube_prefs__  no-lazyload\" title=\"YouTube player\"  allow=\"accelerometer; autoplay; clipboard-write; encrypted-media; gyroscope; picture-in-picture\" allowfullscreen data-no-lazy=\"1\" data-skipgform_ajax_framebjll=\"\"><\/iframe>\n<h3><span style=\"color: #999999;\">Actions lanc\u00e9es en 2014 :<\/span><\/h3>\n<div style=\"background-color: #efc93a; color: #ffffff; padding: 10px;\">\n<ul id=\"actions\">\n<li>Concours Plug it ! \u2013 2014-2015 : lancement en septembre 2014 aupr\u00e8s des \u00e9tablissements scolaires de la Loire. Un succ\u00e8s : 30 dossiers de participation, 7 projets retenus et r\u00e9alis\u00e9s \u2026 3 laur\u00e9ats prim\u00e9s en juillet 2015.<\/li>\n<li>S\u00e9minaire de cr\u00e9ativit\u00e9 Innov&#8217;Meca : novembre 2014 : une trentaine de participants, rassemblant industriels, designers, \u00e9tudiants et chercheurs.<\/li>\n<\/ul>\n\n\t\t\t\t\t\n\n\t\t\t\t\t<!-- START UNITE GALLERY 1.5 -->\n\t\t\t\t\t\n\t\t\t\t\n\t\t\t<div id='ugdefault_7_1' style='margin:0px auto;'>\n\t\t\t\t\n\n\t\t\t\t\t\t<img alt=\"Lancement plug-it\"\n\t\t\t\t\t\t     src=\"https:\/\/old.mecaloire.fr\/wp-content\/uploads\/2015\/06\/Lancement-plug-it-2-300x200.jpg\"\n\t\t\t\t\t\t     data-image=\"https:\/\/old.mecaloire.fr\/wp-content\/uploads\/2015\/06\/Lancement-plug-it-2.jpg\"\n\t\t\t\t\t\t     title=\"\"\n\t\t\t\t\t\t     style=\"display:none\">\n\n\t\t\t\t\t\t<img alt=\"Plug-it\"\n\t\t\t\t\t\t     src=\"https:\/\/old.mecaloire.fr\/wp-content\/uploads\/2015\/06\/plug-it-fab1-300x169.jpg\"\n\t\t\t\t\t\t     data-image=\"https:\/\/old.mecaloire.fr\/wp-content\/uploads\/2015\/06\/plug-it-fab1.jpg\"\n\t\t\t\t\t\t     title=\"\"\n\t\t\t\t\t\t     style=\"display:none\">\n\n\t\t\t\t\t\t<img alt=\"Plug-it\"\n\t\t\t\t\t\t     src=\"https:\/\/old.mecaloire.fr\/wp-content\/uploads\/2015\/06\/plug-it-fab2-300x169.jpg\"\n\t\t\t\t\t\t     data-image=\"https:\/\/old.mecaloire.fr\/wp-content\/uploads\/2015\/06\/plug-it-fab2.jpg\"\n\t\t\t\t\t\t     title=\"\"\n\t\t\t\t\t\t     style=\"display:none\">\n\n\t\t\t\t\t\t<img alt=\"Plug-it\"\n\t\t\t\t\t\t     src=\"https:\/\/old.mecaloire.fr\/wp-content\/uploads\/2015\/06\/plug-it-fab3-300x169.jpg\"\n\t\t\t\t\t\t     data-image=\"https:\/\/old.mecaloire.fr\/wp-content\/uploads\/2015\/06\/plug-it-fab3.jpg\"\n\t\t\t\t\t\t     title=\"\"\n\t\t\t\t\t\t     style=\"display:none\">\n\n\t\t\t\t\t\t<img alt=\"Plateau d'innovation Mecaloire\"\n\t\t\t\t\t\t     src=\"https:\/\/old.mecaloire.fr\/wp-content\/uploads\/2015\/06\/plateau-innov-meca-300x213.jpg\"\n\t\t\t\t\t\t     data-image=\"https:\/\/old.mecaloire.fr\/wp-content\/uploads\/2015\/06\/plateau-innov-meca.jpg\"\n\t\t\t\t\t\t     title=\"\"\n\t\t\t\t\t\t     style=\"display:none\">\n\t\t\t<\/div>\n\n\t\t\t<script type='text\/javascript'>\n\t\t\t\tvar ugapi1;\n\t\t\t\tjQuery(document).ready(function(){\n\t\t\t\t\tvar objUGParams = {\n\t\t\t\t\t\tgallery_theme:\"tiles\",\n\t\t\t\t\t\t\t\tgallery_width:\"900\",\n\t\t\t\t\t\t\t\ttile_enable_textpanel:true,\n\t\t\t\t\t\t\t\ttiles_type:\"justified\"\n\n\t\t\t\t\t};\n\t\t\t\t\tif(ugCheckForErrors('#ugdefault_7_1', 'cms'))\n\t\t\t\t\t\tugapi1 = jQuery('#ugdefault_7_1').unitegallery(objUGParams);\n\t\t\t\t});\n\t\t\t<\/script>\n\n\t\t\t<!-- END UNITEGALLERY -->\n<\/div>\n","protected":false},"excerpt":{"rendered":"<p>MECALOIRE, un r\u00e9seau pour permettre d&#8217;innover L&#8217;enjeu des d&#8217;entreprise : garder une longueur d&#8217;avance La solution : MECALOIRE Avec MECALOIRE, innover c&#8217;est : Apprendre une m\u00e9thodologie d&#8217;innovation D\u00e9couvrir de nouvelles possibilit\u00e9s gr\u00e2ce au r\u00e9seau. MECALOIRE facilite l&#8217;innovation, en permettant \u00e0 chaque adh\u00e9rent de rester ouvert sur les technologies du futur : Participer aux &#8220;ateliers techniques&#8221;&#8230;<i class=\"read-more><\/i>Lire la suite<\/p>\n","protected":false},"author":1,"featured_media":0,"parent":27,"menu_order":0,"comment_status":"open","ping_status":"open","template":"","meta":[],"yoast_head":"<!-- This site is optimized with the Yoast SEO plugin v18.8 - https:\/\/yoast.com\/wordpress\/plugins\/seo\/ -->\n<title>MECALOIRE, un r\u00e9seau pour permettre d&#039;innover<\/title>\n<meta name=\"description\" content=\"L&#039;enjeu des d&#039;entreprise : garder une longueur d&#039;avance \uf0e0 La solution : MECALOIRE\" \/>\n<meta name=\"robots\" content=\"index, follow, max-snippet:-1, max-image-preview:large, max-video-preview:-1\" \/>\n<link rel=\"canonical\" href=\"https:\/\/old.mecaloire.fr\/?page_id=33\" \/>\n<meta property=\"og:locale\" content=\"fr_FR\" \/>\n<meta property=\"og:type\" content=\"article\" \/>\n<meta property=\"og:title\" content=\"MECALOIRE, un r\u00e9seau pour permettre d&#039;innover\" \/>\n<meta property=\"og:description\" content=\"L&#039;enjeu des d&#039;entreprise : garder une longueur d&#039;avance \uf0e0 La solution : MECALOIRE\" \/>\n<meta property=\"og:url\" content=\"https:\/\/old.mecaloire.fr\/?page_id=33\" \/>\n<meta property=\"og:site_name\" content=\"M\u00e9caloire\" \/>\n<meta property=\"article:modified_time\" content=\"2015-06-24T13:47:08+00:00\" \/>\n<meta property=\"og:image\" content=\"http:\/\/www.mecaloire.fr\/wp-content\/uploads\/2015\/05\/picto-innover-150x150.png\" \/>\n<meta name=\"twitter:card\" content=\"summary\" \/>\n<meta name=\"twitter:label1\" content=\"Dur\u00e9e de lecture estim\u00e9e\" \/>\n\t<meta name=\"twitter:data1\" content=\"1 minute\" \/>\n<script type=\"application\/ld+json\" class=\"yoast-schema-graph\">{\"@context\":\"https:\/\/schema.org\",\"@graph\":[{\"@type\":\"WebSite\",\"@id\":\"https:\/\/old.mecaloire.fr\/#website\",\"url\":\"https:\/\/old.mecaloire.fr\/\",\"name\":\"M\u00e9caloire\",\"description\":\"\",\"potentialAction\":[{\"@type\":\"SearchAction\",\"target\":{\"@type\":\"EntryPoint\",\"urlTemplate\":\"https:\/\/old.mecaloire.fr\/?s={search_term_string}\"},\"query-input\":\"required name=search_term_string\"}],\"inLanguage\":\"fr-FR\"},{\"@type\":\"ImageObject\",\"inLanguage\":\"fr-FR\",\"@id\":\"https:\/\/old.mecaloire.fr\/?page_id=33#primaryimage\",\"url\":\"http:\/\/www.mecaloire.fr\/wp-content\/uploads\/2015\/05\/picto-innover-150x150.png\",\"contentUrl\":\"http:\/\/www.mecaloire.fr\/wp-content\/uploads\/2015\/05\/picto-innover-150x150.png\"},{\"@type\":\"WebPage\",\"@id\":\"https:\/\/old.mecaloire.fr\/?page_id=33#webpage\",\"url\":\"https:\/\/old.mecaloire.fr\/?page_id=33\",\"name\":\"MECALOIRE, un r\u00e9seau pour permettre d'innover\",\"isPartOf\":{\"@id\":\"https:\/\/old.mecaloire.fr\/#website\"},\"primaryImageOfPage\":{\"@id\":\"https:\/\/old.mecaloire.fr\/?page_id=33#primaryimage\"},\"datePublished\":\"2015-05-21T07:45:50+00:00\",\"dateModified\":\"2015-06-24T13:47:08+00:00\",\"description\":\"L'enjeu des d'entreprise : garder une longueur d'avance \uf0e0 La solution : MECALOIRE\",\"breadcrumb\":{\"@id\":\"https:\/\/old.mecaloire.fr\/?page_id=33#breadcrumb\"},\"inLanguage\":\"fr-FR\",\"potentialAction\":[{\"@type\":\"ReadAction\",\"target\":[\"https:\/\/old.mecaloire.fr\/?page_id=33\"]}]},{\"@type\":\"BreadcrumbList\",\"@id\":\"https:\/\/old.mecaloire.fr\/?page_id=33#breadcrumb\",\"itemListElement\":[{\"@type\":\"ListItem\",\"position\":1,\"name\":\"Accueil\",\"item\":\"https:\/\/old.mecaloire.fr\/\"},{\"@type\":\"ListItem\",\"position\":2,\"name\":\"Actions\",\"item\":\"https:\/\/old.mecaloire.fr\/?page_id=27\"},{\"@type\":\"ListItem\",\"position\":3,\"name\":\"Innover\"}]}]}<\/script>\n<!-- \/ Yoast SEO plugin. -->","yoast_head_json":{"title":"MECALOIRE, un r\u00e9seau pour permettre d'innover","description":"L'enjeu des d'entreprise : garder une longueur d'avance \uf0e0 La solution : MECALOIRE","robots":{"index":"index","follow":"follow","max-snippet":"max-snippet:-1","max-image-preview":"max-image-preview:large","max-video-preview":"max-video-preview:-1"},"canonical":"https:\/\/old.mecaloire.fr\/?page_id=33","og_locale":"fr_FR","og_type":"article","og_title":"MECALOIRE, un r\u00e9seau pour permettre d'innover","og_description":"L'enjeu des d'entreprise : garder une longueur d'avance \uf0e0 La solution : MECALOIRE","og_url":"https:\/\/old.mecaloire.fr\/?page_id=33","og_site_name":"M\u00e9caloire","article_modified_time":"2015-06-24T13:47:08+00:00","og_image":[{"url":"http:\/\/www.mecaloire.fr\/wp-content\/uploads\/2015\/05\/picto-innover-150x150.png"}],"twitter_card":"summary","twitter_misc":{"Dur\u00e9e de lecture estim\u00e9e":"1 minute"},"schema":{"@context":"https:\/\/schema.org","@graph":[{"@type":"WebSite","@id":"https:\/\/old.mecaloire.fr\/#website","url":"https:\/\/old.mecaloire.fr\/","name":"M\u00e9caloire","description":"","potentialAction":[{"@type":"SearchAction","target":{"@type":"EntryPoint","urlTemplate":"https:\/\/old.mecaloire.fr\/?s={search_term_string}"},"query-input":"required name=search_term_string"}],"inLanguage":"fr-FR"},{"@type":"ImageObject","inLanguage":"fr-FR","@id":"https:\/\/old.mecaloire.fr\/?page_id=33#primaryimage","url":"http:\/\/www.mecaloire.fr\/wp-content\/uploads\/2015\/05\/picto-innover-150x150.png","contentUrl":"http:\/\/www.mecaloire.fr\/wp-content\/uploads\/2015\/05\/picto-innover-150x150.png"},{"@type":"WebPage","@id":"https:\/\/old.mecaloire.fr\/?page_id=33#webpage","url":"https:\/\/old.mecaloire.fr\/?page_id=33","name":"MECALOIRE, un r\u00e9seau pour permettre d'innover","isPartOf":{"@id":"https:\/\/old.mecaloire.fr\/#website"},"primaryImageOfPage":{"@id":"https:\/\/old.mecaloire.fr\/?page_id=33#primaryimage"},"datePublished":"2015-05-21T07:45:50+00:00","dateModified":"2015-06-24T13:47:08+00:00","description":"L'enjeu des d'entreprise : garder une longueur d'avance \uf0e0 La solution : MECALOIRE","breadcrumb":{"@id":"https:\/\/old.mecaloire.fr\/?page_id=33#breadcrumb"},"inLanguage":"fr-FR","potentialAction":[{"@type":"ReadAction","target":["https:\/\/old.mecaloire.fr\/?page_id=33"]}]},{"@type":"BreadcrumbList","@id":"https:\/\/old.mecaloire.fr\/?page_id=33#breadcrumb","itemListElement":[{"@type":"ListItem","position":1,"name":"Accueil","item":"https:\/\/old.mecaloire.fr\/"},{"@type":"ListItem","position":2,"name":"Actions","item":"https:\/\/old.mecaloire.fr\/?page_id=27"},{"@type":"ListItem","position":3,"name":"Innover"}]}]}},"_links":{"self":[{"href":"https:\/\/old.mecaloire.fr\/index.php?rest_route=\/wp\/v2\/pages\/33"}],"collection":[{"href":"https:\/\/old.mecaloire.fr\/index.php?rest_route=\/wp\/v2\/pages"}],"about":[{"href":"https:\/\/old.mecaloire.fr\/index.php?rest_route=\/wp\/v2\/types\/page"}],"author":[{"embeddable":true,"href":"https:\/\/old.mecaloire.fr\/index.php?rest_route=\/wp\/v2\/users\/1"}],"replies":[{"embeddable":true,"href":"https:\/\/old.mecaloire.fr\/index.php?rest_route=%2Fwp%2Fv2%2Fcomments&post=33"}],"version-history":[{"count":9,"href":"https:\/\/old.mecaloire.fr\/index.php?rest_route=\/wp\/v2\/pages\/33\/revisions"}],"predecessor-version":[{"id":71,"href":"https:\/\/old.mecaloire.fr\/index.php?rest_route=\/wp\/v2\/pages\/33\/revisions\/71"}],"up":[{"embeddable":true,"href":"https:\/\/old.mecaloire.fr\/index.php?rest_route=\/wp\/v2\/pages\/27"}],"wp:attachment":[{"href":"https:\/\/old.mecaloire.fr\/index.php?rest_route=%2Fwp%2Fv2%2Fmedia&parent=33"}],"curies":[{"name":"wp","href":"https:\/\/api.w.org\/{rel}","templated":true}]}}